{"id":414,"date":"2019-02-10T22:47:04","date_gmt":"2019-02-10T21:47:04","guid":{"rendered":"http:\/\/www.mfc-alkoven.at\/MFCAlkovenHP\/register\/"},"modified":"2019-03-16T18:31:31","modified_gmt":"2019-03-16T17:31:31","slug":"register","status":"publish","type":"page","link":"https:\/\/www.mfc-alkoven.at\/MFCAlkovenHP\/register\/","title":{"rendered":""},"content":{"rendered":"\t\t<div data-elementor-type=\"wp-post\" data-elementor-id=\"414\" class=\"elementor elementor-414 elementor-bc-flex-widget\" data-elementor-post-type=\"page\">\n\t\t\t\t\t\t<section class=\"elementor-section elementor-top-section elementor-element elementor-element-a2152c5 elementor-section-stretched elementor-section-full_width elementor-section-height-default elementor-section-height-default\" data-id=\"a2152c5\" data-element_type=\"section\" data-e-type=\"section\" data-settings=\"{&quot;stretch_section&quot;:&quot;section-stretched&quot;}\">\n\t\t\t\t\t\t<div class=\"elementor-container elementor-column-gap-default\">\n\t\t\t\t\t<div class=\"elementor-column elementor-col-100 elementor-top-column elementor-element elementor-element-3ff16de\" data-id=\"3ff16de\" data-element_type=\"column\" data-e-type=\"column\">\n\t\t\t<div class=\"elementor-widget-wrap elementor-element-populated\">\n\t\t\t\t\t\t<div class=\"elementor-element elementor-element-8289943 elementor-widget elementor-widget-image\" data-id=\"8289943\" data-element_type=\"widget\" data-e-type=\"widget\" data-widget_type=\"image.default\">\n\t\t\t\t<div class=\"elementor-widget-container\">\n\t\t\t\t\t\t\t\t\t\t\t\t\t\t\t<img fetchpriority=\"high\" decoding=\"async\" width=\"3066\" height=\"769\" src=\"https:\/\/www.mfc-alkoven.at\/MFCAlkovenHP\/wp-content\/uploads\/2019\/03\/Unterseite_V05-2.jpg\" class=\"attachment-full size-full wp-image-1099\" alt=\"\" srcset=\"https:\/\/www.mfc-alkoven.at\/MFCAlkovenHP\/wp-content\/uploads\/2019\/03\/Unterseite_V05-2.jpg 3066w, https:\/\/www.mfc-alkoven.at\/MFCAlkovenHP\/wp-content\/uploads\/2019\/03\/Unterseite_V05-2-300x75.jpg 300w, https:\/\/www.mfc-alkoven.at\/MFCAlkovenHP\/wp-content\/uploads\/2019\/03\/Unterseite_V05-2-768x193.jpg 768w, https:\/\/www.mfc-alkoven.at\/MFCAlkovenHP\/wp-content\/uploads\/2019\/03\/Unterseite_V05-2-1024x257.jpg 1024w, https:\/\/www.mfc-alkoven.at\/MFCAlkovenHP\/wp-content\/uploads\/2019\/03\/Unterseite_V05-2-1920x482.jpg 1920w\" sizes=\"(max-width: 3066px) 100vw, 3066px\" \/>\t\t\t\t\t\t\t\t\t\t\t\t\t\t\t<\/div>\n\t\t\t\t<\/div>\n\t\t\t\t\t<\/div>\n\t\t<\/div>\n\t\t\t\t\t<\/div>\n\t\t<\/section>\n\t\t\t\t<section class=\"elementor-section elementor-top-section elementor-element elementor-element-21686777 elementor-section-boxed elementor-section-height-default elementor-section-height-default\" data-id=\"21686777\" data-element_type=\"section\" data-e-type=\"section\">\n\t\t\t\t\t\t<div class=\"elementor-container elementor-column-gap-default\">\n\t\t\t\t\t<div class=\"elementor-column elementor-col-100 elementor-top-column elementor-element elementor-element-1b1b4233\" data-id=\"1b1b4233\" data-element_type=\"column\" data-e-type=\"column\">\n\t\t\t<div class=\"elementor-widget-wrap elementor-element-populated\">\n\t\t\t\t\t\t<div class=\"elementor-element elementor-element-24a108d1 elementor-widget elementor-widget-text-editor\" data-id=\"24a108d1\" data-element_type=\"widget\" data-e-type=\"widget\" data-widget_type=\"text-editor.default\">\n\t\t\t\t<div class=\"elementor-widget-container\">\n\t\t\t\t\t\t\t\t\t<h2>Registrieren<\/h2><p>\u00dcber das unten angef\u00fchrte Formular ist eine Registrierung f\u00fcr den Mitgleiderbereich des MFC Alkoven m\u00f6glich.\u00a0<\/p><p>Wir bitten zu beachten, dass dieser Bereich nur f\u00fcr Mitglieder des MFC Alkoven gedacht ist und somit auch nur Zug\u00e4nge bzw. Anfragen von Mitgliedern des Vereins freigegeben werden.\u00a0<\/p><p>Bitte bei der Registrierung den vollst\u00e4ndigen Namen und als <strong>Username vorname.nachname<\/strong> verwenden. Weiters sollte die dem Verein bekannte Mailadresse verwendet werden. Dies beschleunigt die Dauer bis zur Freischaltung.\u00a0<\/p><p>\n<div class=\"um um-register um-128\">\n\t<div class=\"um-form\" data-mode=\"register\">\n\t\t<form method=\"post\" action=\"\">\n\t\t\t<div class=\"um-row _um_row_1 \" style=\"margin: 0 0 30px 0;\"><div class=\"um-col-1\"><div  id=\"um_field_128_user_login\" class=\"um-field um-field-text  um-field-user_login um-field-text um-field-type_text\" data-key=\"user_login\"><div class=\"um-field-label\"><label for=\"user_login-128\">Benutzername<span class=\"um-req\" title=\"Erforderlich\">*<\/span><\/label><div class=\"um-clear\"><\/div><\/div><div class=\"um-field-area\"><input  autocomplete=\"off\" class=\"um-form-field valid \" type=\"text\" name=\"user_login-128\" id=\"user_login-128\" value=\"\" placeholder=\"\" data-validate=\"unique_username\" data-key=\"user_login\"  aria-invalid=\"false\" \/>\n\n\t\t\t\t\t\t<\/div><\/div><div  id=\"um_field_128_first_name\" class=\"um-field um-field-text  um-field-first_name um-field-text um-field-type_text\" data-key=\"first_name\"><div class=\"um-field-label\"><label for=\"first_name-128\">Vorname<\/label><div class=\"um-clear\"><\/div><\/div><div class=\"um-field-area\"><input  autocomplete=\"off\" class=\"um-form-field valid \" type=\"text\" name=\"first_name-128\" id=\"first_name-128\" value=\"\" placeholder=\"\" data-validate=\"\" data-key=\"first_name\"  aria-invalid=\"false\" \/>\n\n\t\t\t\t\t\t<\/div><\/div><div  id=\"um_field_128_last_name\" class=\"um-field um-field-text  um-field-last_name um-field-text um-field-type_text\" data-key=\"last_name\"><div class=\"um-field-label\"><label for=\"last_name-128\">Nachname<\/label><div class=\"um-clear\"><\/div><\/div><div class=\"um-field-area\"><input  autocomplete=\"off\" class=\"um-form-field valid \" type=\"text\" name=\"last_name-128\" id=\"last_name-128\" value=\"\" placeholder=\"\" data-validate=\"\" data-key=\"last_name\"  aria-invalid=\"false\" \/>\n\n\t\t\t\t\t\t<\/div><\/div><div  id=\"um_field_128_user_email\" class=\"um-field um-field-text  um-field-user_email um-field-text um-field-type_text\" data-key=\"user_email\"><div class=\"um-field-label\"><label for=\"user_email-128\">E-Mail-Adresse<\/label><div class=\"um-clear\"><\/div><\/div><div class=\"um-field-area\"><input  autocomplete=\"off\" class=\"um-form-field valid \" type=\"text\" name=\"user_email-128\" id=\"user_email-128\" value=\"\" placeholder=\"\" data-validate=\"unique_email\" data-key=\"user_email\"  aria-invalid=\"false\" \/>\n\n\t\t\t\t\t\t<\/div><\/div><div  id=\"um_field_128_user_password\" class=\"um-field um-field-password  um-field-user_password um-field-password um-field-type_password\" data-key=\"user_password\"><div class=\"um-field-label\"><label for=\"user_password-128\">Passwort<span class=\"um-req\" title=\"Erforderlich\">*<\/span><\/label><div class=\"um-clear\"><\/div><\/div><div class=\"um-field-area\"><input class=\"um-form-field valid \" type=\"password\" name=\"user_password-128\" id=\"user_password-128\" value=\"\" placeholder=\"\" data-validate=\"\" data-key=\"user_password\"  aria-invalid=\"false\" \/>\n\n\t\t\t\t\t\t\t<\/div><\/div><div  id=\"um_field_128_confirm_user_password\" class=\"um-field um-field-password  um-field-user_password um-field-password um-field-type_password\" data-key=\"confirm_user_password\"><div class=\"um-field-label\"><label for=\"confirm_user_password-128\">Passwort best\u00e4tigen<span class=\"um-req\" title=\"Erforderlich\">*<\/span><\/label><div class=\"um-clear\"><\/div><\/div><div class=\"um-field-area\"><input class=\"um-form-field valid \" type=\"password\" name=\"confirm_user_password-128\" id=\"confirm_user_password-128\" value=\"\" placeholder=\"Passwort best\u00e4tigen\" data-validate=\"\" data-key=\"confirm_user_password\"  aria-invalid=\"false\" \/><\/div><\/div><\/div><\/div>\t<input type=\"hidden\" name=\"form_id\" id=\"form_id_128\" value=\"128\" \/>\n\t\t<p class=\"um_request_name\">\n\t\t<label for=\"um_request_128\">Only fill in if you are not human<\/label>\n\t\t<input type=\"hidden\" name=\"um_request\" id=\"um_request_128\" class=\"input\" value=\"\" size=\"25\" autocomplete=\"off\" \/>\n\t<\/p>\n\t<input type=\"hidden\" id=\"_wpnonce\" name=\"_wpnonce\" value=\"2f55ffad3b\" \/><input type=\"hidden\" name=\"_wp_http_referer\" value=\"\/MFCAlkovenHP\/wp-json\/wp\/v2\/pages\/414\" \/>\n<div class=\"g-recaptcha\" id=\"um-128\" data-mode=\"register\"><\/div>\n\n\n\t<div class=\"um-col-alt\">\n\n\t\t\n\t\t\t<div class=\"um-left um-half\">\n\t\t\t\t<input type=\"submit\" value=\"Registrieren\" class=\"um-button\" id=\"um-submit-btn\" \/>\n\t\t\t<\/div>\n\t\t\t<div class=\"um-right um-half\">\n\t\t\t\t<a href=\"https:\/\/www.mfc-alkoven.at\/MFCAlkovenHP\/mitgliederbereich\/\" class=\"um-button um-alt\">\n\t\t\t\t\tAnmelden\t\t\t\t<\/a>\n\t\t\t<\/div>\n\n\t\t\n\t\t<div class=\"um-clear\"><\/div>\n\n\t<\/div>\n\n\t\t\t<\/form>\n\t<\/div>\n<\/div>\n<style>\n\t\t\t.um-128.um {\n\t\t\tmax-width: 450px;\n\t\t}\n\t\t<\/style>\n<\/p>\t\t\t\t\t\t\t\t<\/div>\n\t\t\t\t<\/div>\n\t\t\t\t\t<\/div>\n\t\t<\/div>\n\t\t\t\t\t<\/div>\n\t\t<\/section>\n\t\t\t\t<\/div>\n\t\t","protected":false},"excerpt":{"rendered":"<p>Registrieren \u00dcber das unten angef\u00fchrte Formular ist eine Registrierung f\u00fcr den Mitgleiderbereich des MFC Alkoven m\u00f6glich.&nbsp; Wir bitten zu beachten, dass dieser Bereich nur f\u00fcr Mitglieder des MFC Alkoven gedacht ist und somit auch nur Zug\u00e4nge bzw. Anfragen von Mitgliedern des Vereins freigegeben werden.&nbsp; Bitte bei der Registrierung den vollst\u00e4ndigen Namen und als Username vorname.nachname&hellip; <br \/> <a class=\"read-more\" href=\"https:\/\/www.mfc-alkoven.at\/MFCAlkovenHP\/register\/\">Weiterlesen<\/a><\/p>\n","protected":false},"author":1,"featured_media":0,"parent":0,"menu_order":0,"comment_status":"closed","ping_status":"closed","template":"","meta":{"ngg_post_thumbnail":0,"footnotes":""},"class_list":["post-414","page","type-page","status-publish","hentry"],"_links":{"self":[{"href":"https:\/\/www.mfc-alkoven.at\/MFCAlkovenHP\/wp-json\/wp\/v2\/pages\/414","targetHints":{"allow":["GET"]}}],"collection":[{"href":"https:\/\/www.mfc-alkoven.at\/MFCAlkovenHP\/wp-json\/wp\/v2\/pages"}],"about":[{"href":"https:\/\/www.mfc-alkoven.at\/MFCAlkovenHP\/wp-json\/wp\/v2\/types\/page"}],"author":[{"embeddable":true,"href":"https:\/\/www.mfc-alkoven.at\/MFCAlkovenHP\/wp-json\/wp\/v2\/users\/1"}],"replies":[{"embeddable":true,"href":"https:\/\/www.mfc-alkoven.at\/MFCAlkovenHP\/wp-json\/wp\/v2\/comments?post=414"}],"version-history":[{"count":8,"href":"https:\/\/www.mfc-alkoven.at\/MFCAlkovenHP\/wp-json\/wp\/v2\/pages\/414\/revisions"}],"predecessor-version":[{"id":1255,"href":"https:\/\/www.mfc-alkoven.at\/MFCAlkovenHP\/wp-json\/wp\/v2\/pages\/414\/revisions\/1255"}],"wp:attachment":[{"href":"https:\/\/www.mfc-alkoven.at\/MFCAlkovenHP\/wp-json\/wp\/v2\/media?parent=414"}],"curies":[{"name":"wp","href":"https:\/\/api.w.org\/{rel}","templated":true}]}}